{"id":3889,"date":"2024-02-28T15:38:29","date_gmt":"2024-02-28T14:38:29","guid":{"rendered":"https:\/\/ketos-delphin.com\/contacto\/"},"modified":"2024-04-18T22:50:29","modified_gmt":"2024-04-18T20:50:29","slug":"contacto","status":"publish","type":"page","link":"https:\/\/ketos-delphin.com\/pt-pt\/contacto\/","title":{"rendered":"Contacto"},"content":{"rendered":"\t\t<div data-elementor-type=\"wp-page\" data-elementor-id=\"3889\" class=\"elementor elementor-3889\">\n\t\t\t\t<div class=\"elementor-element elementor-element-21a79d6 e-con-full e-flex e-con e-parent\" data-id=\"21a79d6\" data-element_type=\"container\" id=\"bggrad\">\n\t\t<div class=\"elementor-element elementor-element-0a1b65e e-con-full e-flex e-con e-child\" data-id=\"0a1b65e\" data-element_type=\"container\">\n\t\t\t\t<div class=\"elementor-element elementor-element-f07ccfb animated-slow elementor-invisible elementor-widget elementor-widget-heading\" data-id=\"f07ccfb\" data-element_type=\"widget\" data-settings=\"{&quot;_animation&quot;:&quot;fadeInDown&quot;}\" data-widget_type=\"heading.default\">\n\t\t\t\t<div class=\"elementor-widget-container\">\n\t\t\t\t\t<h2 class=\"elementor-heading-title elementor-size-default\">Contacto<\/h2>\t\t\t\t<\/div>\n\t\t\t\t<\/div>\n\t\t\t\t<div class=\"elementor-element elementor-element-30e43b9 animated-slow elementor-invisible elementor-widget elementor-widget-heading\" data-id=\"30e43b9\" data-element_type=\"widget\" data-settings=\"{&quot;_animation&quot;:&quot;fadeInUp&quot;}\" data-widget_type=\"heading.default\">\n\t\t\t\t<div class=\"elementor-widget-container\">\n\t\t\t\t\t<h1 class=\"elementor-heading-title elementor-size-default\">A nossa equipa est\u00e1 preparada para resolver projectos de<span style=\"color:#0DD4FD\"> grande complexidade<\/span>.<\/h1>\t\t\t\t<\/div>\n\t\t\t\t<\/div>\n\t\t\t\t<\/div>\n\t\t<div class=\"elementor-element elementor-element-0301c58 e-con-full e-flex e-con e-child\" data-id=\"0301c58\" data-element_type=\"container\">\n\t\t<div class=\"elementor-element elementor-element-08b81a7 e-con-full e-flex e-con e-child\" data-id=\"08b81a7\" data-element_type=\"container\">\n\t\t\t\t<div class=\"elementor-element elementor-element-2e09917 animated-slow elementor-invisible elementor-widget elementor-widget-heading\" data-id=\"2e09917\" data-element_type=\"widget\" data-settings=\"{&quot;_animation&quot;:&quot;fadeInDown&quot;}\" data-widget_type=\"heading.default\">\n\t\t\t\t<div class=\"elementor-widget-container\">\n\t\t\t\t\t<h2 class=\"elementor-heading-title elementor-size-default\">Marca uma reuni\u00e3o com os nossos consultores<\/h2>\t\t\t\t<\/div>\n\t\t\t\t<\/div>\n\t\t\t\t<div class=\"elementor-element elementor-element-50a61ea elementor-widget elementor-widget-image\" data-id=\"50a61ea\" data-element_type=\"widget\" data-widget_type=\"image.default\">\n\t\t\t\t<div class=\"elementor-widget-container\">\n\t\t\t\t\t\t\t\t\t\t\t\t\t\t\t<img fetchpriority=\"high\" decoding=\"async\" width=\"258\" height=\"214\" src=\"https:\/\/ketos-delphin.com\/wp-content\/uploads\/2024\/02\/Recurso-111-1.png\" class=\"attachment-large size-large wp-image-796\" alt=\"\" \/>\t\t\t\t\t\t\t\t\t\t\t\t\t\t\t<\/div>\n\t\t\t\t<\/div>\n\t\t\t\t<div class=\"elementor-element elementor-element-995e99b elementor-mobile-align-center elementor-hidden-desktop elementor-hidden-tablet elementor-hidden-mobile elementor-invisible elementor-widget elementor-widget-button\" data-id=\"995e99b\" data-element_type=\"widget\" data-settings=\"{&quot;_animation&quot;:&quot;fadeIn&quot;}\" data-widget_type=\"button.default\">\n\t\t\t\t<div class=\"elementor-widget-container\">\n\t\t\t\t\t\t\t\t\t<div class=\"elementor-button-wrapper\">\n\t\t\t\t\t<a class=\"elementor-button elementor-button-link elementor-size-sm\" href=\"#\">\n\t\t\t\t\t\t<span class=\"elementor-button-content-wrapper\">\n\t\t\t\t\t\t\t\t\t<span class=\"elementor-button-text\">V\u00ea os hor\u00e1rios dispon\u00edveis<\/span>\n\t\t\t\t\t<\/span>\n\t\t\t\t\t<\/a>\n\t\t\t\t<\/div>\n\t\t\t\t\t\t\t\t<\/div>\n\t\t\t\t<\/div>\n\t\t\t\t<div class=\"elementor-element elementor-element-6de81c0 elementor-position-right elementor-widget__width-initial whatsapplink elementor-widget-mobile__width-inherit elementor-vertical-align-top elementor-invisible elementor-widget elementor-widget-image-box\" data-id=\"6de81c0\" data-element_type=\"widget\" data-settings=\"{&quot;_animation&quot;:&quot;fadeIn&quot;}\" data-widget_type=\"image-box.default\">\n\t\t\t\t<div class=\"elementor-widget-container\">\n\t\t\t\t\t<div class=\"elementor-image-box-wrapper\"><figure class=\"elementor-image-box-img\"><a href=\"https:\/\/wa.link\/ppzkbe\" tabindex=\"-1\"><img decoding=\"async\" width=\"48\" height=\"49\" src=\"https:\/\/ketos-delphin.com\/wp-content\/uploads\/2024\/02\/Recurso-110-1.png\" class=\"attachment-full size-full wp-image-795\" alt=\"\" \/><\/a><\/figure><div class=\"elementor-image-box-content\"><h3 class=\"elementor-image-box-title\"><a href=\"https:\/\/wa.link\/ppzkbe\">Tamb\u00e9m podes contactar-nos por WhatsApp<\/a><\/h3><\/div><\/div>\t\t\t\t<\/div>\n\t\t\t\t<\/div>\n\t\t\t\t<\/div>\n\t\t<div class=\"elementor-element elementor-element-4960196 e-con-full e-flex e-con e-child\" data-id=\"4960196\" data-element_type=\"container\">\n\t\t\t\t<div class=\"elementor-element elementor-element-6b83fec elementor-invisible elementor-widget elementor-widget-heading\" data-id=\"6b83fec\" data-element_type=\"widget\" data-settings=\"{&quot;_animation&quot;:&quot;fadeIn&quot;}\" data-widget_type=\"heading.default\">\n\t\t\t\t<div class=\"elementor-widget-container\">\n\t\t\t\t\t<h2 class=\"elementor-heading-title elementor-size-default\">Preenche o formul\u00e1rio e entraremos em contacto contigo o mais rapidamente poss\u00edvel.<\/h2>\t\t\t\t<\/div>\n\t\t\t\t<\/div>\n\t\t\t\t<div class=\"elementor-element elementor-element-c1f406d elementor-widget elementor-widget-spacer\" data-id=\"c1f406d\" data-element_type=\"widget\" data-widget_type=\"spacer.default\">\n\t\t\t\t<div class=\"elementor-widget-container\">\n\t\t\t\t\t\t\t<div class=\"elementor-spacer\">\n\t\t\t<div class=\"elementor-spacer-inner\"><\/div>\n\t\t<\/div>\n\t\t\t\t\t\t<\/div>\n\t\t\t\t<\/div>\n\t\t\t\t<div class=\"elementor-element elementor-element-281ee3d elementor-widget-tablet__width-inherit elementor-widget elementor-widget-shortcode\" data-id=\"281ee3d\" data-element_type=\"widget\" data-widget_type=\"shortcode.default\">\n\t\t\t\t<div class=\"elementor-widget-container\">\n\t\t\t\t\t\t\t<div class=\"elementor-shortcode\">\n<div class=\"wpcf7 no-js\" id=\"wpcf7-f3977-o1\" lang=\"pt-PT\" dir=\"ltr\">\n<div class=\"screen-reader-response\"><p role=\"status\" aria-live=\"polite\" aria-atomic=\"true\"><\/p> <ul><\/ul><\/div>\n<form action=\"\/pt-pt\/wp-json\/wp\/v2\/pages\/3889#wpcf7-f3977-o1\" method=\"post\" class=\"wpcf7-form init\" aria-label=\"Formul\u00e1rio de contacto\" novalidate=\"novalidate\" data-status=\"init\">\n<div style=\"display: none;\">\n<input type=\"hidden\" name=\"_wpcf7\" value=\"3977\" \/>\n<input type=\"hidden\" name=\"_wpcf7_version\" value=\"5.9.8\" \/>\n<input type=\"hidden\" name=\"_wpcf7_locale\" value=\"pt_PT\" \/>\n<input type=\"hidden\" name=\"_wpcf7_unit_tag\" value=\"wpcf7-f3977-o1\" \/>\n<input type=\"hidden\" name=\"_wpcf7_container_post\" value=\"0\" \/>\n<input type=\"hidden\" name=\"_wpcf7_posted_data_hash\" value=\"\" \/>\n<\/div>\n<label class=\"fieldForm\">  Nome* Nome* Nome* Nome* Nome* Nome* Nome* Nome* Nome* Nome* Nome* Nome* Nome\n    <span class=\"wpcf7-form-control-wrap\" data-name=\"your-name\"><input size=\"40\" maxlength=\"400\" class=\"wpcf7-form-control wpcf7-text wpcf7-validates-as-required\" id=\"your-name\" autocomplete=\"name\" aria-required=\"true\" aria-invalid=\"false\" value=\"\" type=\"text\" name=\"your-name\" \/><\/span> <\/label>\n\n<label class=\"fieldForm\">  Apelido* Apelido\n    <span class=\"wpcf7-form-control-wrap\" data-name=\"your-lastname\"><input size=\"40\" maxlength=\"400\" class=\"wpcf7-form-control wpcf7-text wpcf7-validates-as-required\" id=\"your-lastname\" autocomplete=\"name\" aria-required=\"true\" aria-invalid=\"false\" value=\"\" type=\"text\" name=\"your-lastname\" \/><\/span> <\/label>\n\n<label class=\"fieldForm\">  Endere\u00e7o de correio eletr\u00f3nico\n    <span class=\"wpcf7-form-control-wrap\" data-name=\"your-email\"><input size=\"40\" maxlength=\"400\" class=\"wpcf7-form-control wpcf7-email wpcf7-validates-as-required wpcf7-text wpcf7-validates-as-email\" id=\"your-email\" autocomplete=\"email\" aria-required=\"true\" aria-invalid=\"false\" value=\"\" type=\"email\" name=\"your-email\" \/><\/span> <\/label>\n\n<label class=\"fieldForm\">  Empresa\n    <span class=\"wpcf7-form-control-wrap\" data-name=\"your-empresa\"><input size=\"40\" maxlength=\"400\" class=\"wpcf7-form-control wpcf7-text\" id=\"your-empresa\" aria-invalid=\"false\" value=\"\" type=\"text\" name=\"your-empresa\" \/><\/span> <\/label>\n\n<label class=\"fieldForm\">  Mensagem\n    <span class=\"wpcf7-form-control-wrap\" data-name=\"your-message\"><textarea cols=\"40\" rows=\"10\" maxlength=\"2000\" class=\"wpcf7-form-control wpcf7-textarea\" id=\"your-message\" aria-invalid=\"false\" name=\"your-message\"><\/textarea><\/span> <\/label>\n\n<input class=\"wpcf7-form-control wpcf7-submit has-spinner enviar\" type=\"submit\" value=\"Enviar\" \/><p style=\"display: none !important;\" class=\"akismet-fields-container\" data-prefix=\"_wpcf7_ak_\"><label>&#916;<textarea name=\"_wpcf7_ak_hp_textarea\" cols=\"45\" rows=\"8\" maxlength=\"100\"><\/textarea><\/label><input type=\"hidden\" id=\"ak_js_1\" name=\"_wpcf7_ak_js\" value=\"176\"\/><script>document.getElementById( \"ak_js_1\" ).setAttribute( \"value\", ( new Date() ).getTime() );<\/script><\/p><div class=\"wpcf7-response-output\" aria-hidden=\"true\"><\/div>\n<\/form>\n<\/div>\n<\/div>\n\t\t\t\t\t\t<\/div>\n\t\t\t\t<\/div>\n\t\t\t\t<\/div>\n\t\t\t\t<\/div>\n\t\t\t\t<\/div>\n\t\t\t\t<\/div>\n\t\t","protected":false},"excerpt":{"rendered":"<p>Contacto A nossa equipa est\u00e1 preparada para resolver projectos de grande complexidade. Marca uma reuni\u00e3o com os nossos consultores V\u00ea os hor\u00e1rios dispon\u00edveis Tamb\u00e9m podes contactar-nos por WhatsApp Preenche o formul\u00e1rio e entraremos em contacto contigo o mais rapidamente poss\u00edvel.<\/p>\n","protected":false},"author":1,"featured_media":0,"parent":0,"menu_order":0,"comment_status":"closed","ping_status":"closed","template":"","meta":{"footnotes":""},"class_list":["post-3889","page","type-page","status-publish","hentry"],"yoast_head":"<!-- This site is optimized with the Yoast SEO plugin v24.4 - https:\/\/yoast.com\/wordpress\/plugins\/seo\/ -->\n<title>Contacto - Ketos Delphin<\/title>\n<meta name=\"robots\" content=\"index, follow, max-snippet:-1, max-image-preview:large, max-video-preview:-1\" \/>\n<link rel=\"canonical\" href=\"https:\/\/ketos-delphin.com\/contacto\/\" \/>\n<meta property=\"og:locale\" content=\"pt_PT\" \/>\n<meta property=\"og:type\" content=\"article\" \/>\n<meta property=\"og:title\" content=\"Contacto - Ketos Delphin\" \/>\n<meta property=\"og:description\" content=\"Contacto A nossa equipa est\u00e1 preparada para resolver projectos de grande complexidade. Marca uma reuni\u00e3o com os nossos consultores V\u00ea os hor\u00e1rios dispon\u00edveis Tamb\u00e9m podes contactar-nos por WhatsApp Preenche o formul\u00e1rio e entraremos em contacto contigo o mais rapidamente poss\u00edvel.\" \/>\n<meta property=\"og:url\" content=\"https:\/\/ketos-delphin.com\/contacto\/\" \/>\n<meta property=\"og:site_name\" content=\"Ketos Delphin\" \/>\n<meta property=\"article:modified_time\" content=\"2024-04-18T20:50:29+00:00\" \/>\n<meta property=\"og:image\" content=\"https:\/\/ketos-delphin.com\/wp-content\/uploads\/2024\/02\/Recurso-111-1.png\" \/>\n<meta name=\"twitter:card\" content=\"summary_large_image\" \/>\n<script type=\"application\/ld+json\" class=\"yoast-schema-graph\">{\"@context\":\"https:\/\/schema.org\",\"@graph\":[{\"@type\":\"WebPage\",\"@id\":\"https:\/\/ketos-delphin.com\/contacto\/\",\"url\":\"https:\/\/ketos-delphin.com\/contacto\/\",\"name\":\"Contacto - Ketos Delphin\",\"isPartOf\":{\"@id\":\"https:\/\/ketos-delphin.com\/#website\"},\"primaryImageOfPage\":{\"@id\":\"https:\/\/ketos-delphin.com\/contacto\/#primaryimage\"},\"image\":{\"@id\":\"https:\/\/ketos-delphin.com\/contacto\/#primaryimage\"},\"thumbnailUrl\":\"https:\/\/ketos-delphin.com\/wp-content\/uploads\/2024\/02\/Recurso-111-1.png\",\"datePublished\":\"2024-02-28T14:38:29+00:00\",\"dateModified\":\"2024-04-18T20:50:29+00:00\",\"breadcrumb\":{\"@id\":\"https:\/\/ketos-delphin.com\/contacto\/#breadcrumb\"},\"inLanguage\":\"pt-PT\",\"potentialAction\":[{\"@type\":\"ReadAction\",\"target\":[\"https:\/\/ketos-delphin.com\/contacto\/\"]}]},{\"@type\":\"ImageObject\",\"inLanguage\":\"pt-PT\",\"@id\":\"https:\/\/ketos-delphin.com\/contacto\/#primaryimage\",\"url\":\"https:\/\/ketos-delphin.com\/wp-content\/uploads\/2024\/02\/Recurso-111-1.png\",\"contentUrl\":\"https:\/\/ketos-delphin.com\/wp-content\/uploads\/2024\/02\/Recurso-111-1.png\"},{\"@type\":\"BreadcrumbList\",\"@id\":\"https:\/\/ketos-delphin.com\/contacto\/#breadcrumb\",\"itemListElement\":[{\"@type\":\"ListItem\",\"position\":1,\"name\":\"Portada\",\"item\":\"https:\/\/ketos-delphin.com\/\"},{\"@type\":\"ListItem\",\"position\":2,\"name\":\"Contacto\"}]},{\"@type\":\"WebSite\",\"@id\":\"https:\/\/ketos-delphin.com\/#website\",\"url\":\"https:\/\/ketos-delphin.com\/\",\"name\":\"Ketos Delphin\",\"description\":\"\",\"publisher\":{\"@id\":\"https:\/\/ketos-delphin.com\/#organization\"},\"potentialAction\":[{\"@type\":\"SearchAction\",\"target\":{\"@type\":\"EntryPoint\",\"urlTemplate\":\"https:\/\/ketos-delphin.com\/?s={search_term_string}\"},\"query-input\":{\"@type\":\"PropertyValueSpecification\",\"valueRequired\":true,\"valueName\":\"search_term_string\"}}],\"inLanguage\":\"pt-PT\"},{\"@type\":\"Organization\",\"@id\":\"https:\/\/ketos-delphin.com\/#organization\",\"name\":\"Ketos Delphin\",\"url\":\"https:\/\/ketos-delphin.com\/\",\"logo\":{\"@type\":\"ImageObject\",\"inLanguage\":\"pt-PT\",\"@id\":\"https:\/\/ketos-delphin.com\/#\/schema\/logo\/image\/\",\"url\":\"https:\/\/ketos-delphin.com\/wp-content\/uploads\/2024\/02\/cropped-LOGO-1-1.png\",\"contentUrl\":\"https:\/\/ketos-delphin.com\/wp-content\/uploads\/2024\/02\/cropped-LOGO-1-1.png\",\"width\":217,\"height\":91,\"caption\":\"Ketos Delphin\"},\"image\":{\"@id\":\"https:\/\/ketos-delphin.com\/#\/schema\/logo\/image\/\"}}]}<\/script>\n<!-- \/ Yoast SEO plugin. -->","yoast_head_json":{"title":"Contacto - Ketos Delphin","robots":{"index":"index","follow":"follow","max-snippet":"max-snippet:-1","max-image-preview":"max-image-preview:large","max-video-preview":"max-video-preview:-1"},"canonical":"https:\/\/ketos-delphin.com\/contacto\/","og_locale":"pt_PT","og_type":"article","og_title":"Contacto - Ketos Delphin","og_description":"Contacto A nossa equipa est\u00e1 preparada para resolver projectos de grande complexidade. Marca uma reuni\u00e3o com os nossos consultores V\u00ea os hor\u00e1rios dispon\u00edveis Tamb\u00e9m podes contactar-nos por WhatsApp Preenche o formul\u00e1rio e entraremos em contacto contigo o mais rapidamente poss\u00edvel.","og_url":"https:\/\/ketos-delphin.com\/contacto\/","og_site_name":"Ketos Delphin","article_modified_time":"2024-04-18T20:50:29+00:00","og_image":[{"url":"https:\/\/ketos-delphin.com\/wp-content\/uploads\/2024\/02\/Recurso-111-1.png","type":"","width":"","height":""}],"twitter_card":"summary_large_image","schema":{"@context":"https:\/\/schema.org","@graph":[{"@type":"WebPage","@id":"https:\/\/ketos-delphin.com\/contacto\/","url":"https:\/\/ketos-delphin.com\/contacto\/","name":"Contacto - Ketos Delphin","isPartOf":{"@id":"https:\/\/ketos-delphin.com\/#website"},"primaryImageOfPage":{"@id":"https:\/\/ketos-delphin.com\/contacto\/#primaryimage"},"image":{"@id":"https:\/\/ketos-delphin.com\/contacto\/#primaryimage"},"thumbnailUrl":"https:\/\/ketos-delphin.com\/wp-content\/uploads\/2024\/02\/Recurso-111-1.png","datePublished":"2024-02-28T14:38:29+00:00","dateModified":"2024-04-18T20:50:29+00:00","breadcrumb":{"@id":"https:\/\/ketos-delphin.com\/contacto\/#breadcrumb"},"inLanguage":"pt-PT","potentialAction":[{"@type":"ReadAction","target":["https:\/\/ketos-delphin.com\/contacto\/"]}]},{"@type":"ImageObject","inLanguage":"pt-PT","@id":"https:\/\/ketos-delphin.com\/contacto\/#primaryimage","url":"https:\/\/ketos-delphin.com\/wp-content\/uploads\/2024\/02\/Recurso-111-1.png","contentUrl":"https:\/\/ketos-delphin.com\/wp-content\/uploads\/2024\/02\/Recurso-111-1.png"},{"@type":"BreadcrumbList","@id":"https:\/\/ketos-delphin.com\/contacto\/#breadcrumb","itemListElement":[{"@type":"ListItem","position":1,"name":"Portada","item":"https:\/\/ketos-delphin.com\/"},{"@type":"ListItem","position":2,"name":"Contacto"}]},{"@type":"WebSite","@id":"https:\/\/ketos-delphin.com\/#website","url":"https:\/\/ketos-delphin.com\/","name":"Ketos Delphin","description":"","publisher":{"@id":"https:\/\/ketos-delphin.com\/#organization"},"potentialAction":[{"@type":"SearchAction","target":{"@type":"EntryPoint","urlTemplate":"https:\/\/ketos-delphin.com\/?s={search_term_string}"},"query-input":{"@type":"PropertyValueSpecification","valueRequired":true,"valueName":"search_term_string"}}],"inLanguage":"pt-PT"},{"@type":"Organization","@id":"https:\/\/ketos-delphin.com\/#organization","name":"Ketos Delphin","url":"https:\/\/ketos-delphin.com\/","logo":{"@type":"ImageObject","inLanguage":"pt-PT","@id":"https:\/\/ketos-delphin.com\/#\/schema\/logo\/image\/","url":"https:\/\/ketos-delphin.com\/wp-content\/uploads\/2024\/02\/cropped-LOGO-1-1.png","contentUrl":"https:\/\/ketos-delphin.com\/wp-content\/uploads\/2024\/02\/cropped-LOGO-1-1.png","width":217,"height":91,"caption":"Ketos Delphin"},"image":{"@id":"https:\/\/ketos-delphin.com\/#\/schema\/logo\/image\/"}}]}},"_links":{"self":[{"href":"https:\/\/ketos-delphin.com\/pt-pt\/wp-json\/wp\/v2\/pages\/3889","targetHints":{"allow":["GET"]}}],"collection":[{"href":"https:\/\/ketos-delphin.com\/pt-pt\/wp-json\/wp\/v2\/pages"}],"about":[{"href":"https:\/\/ketos-delphin.com\/pt-pt\/wp-json\/wp\/v2\/types\/page"}],"author":[{"embeddable":true,"href":"https:\/\/ketos-delphin.com\/pt-pt\/wp-json\/wp\/v2\/users\/1"}],"replies":[{"embeddable":true,"href":"https:\/\/ketos-delphin.com\/pt-pt\/wp-json\/wp\/v2\/comments?post=3889"}],"version-history":[{"count":2,"href":"https:\/\/ketos-delphin.com\/pt-pt\/wp-json\/wp\/v2\/pages\/3889\/revisions"}],"predecessor-version":[{"id":3983,"href":"https:\/\/ketos-delphin.com\/pt-pt\/wp-json\/wp\/v2\/pages\/3889\/revisions\/3983"}],"wp:attachment":[{"href":"https:\/\/ketos-delphin.com\/pt-pt\/wp-json\/wp\/v2\/media?parent=3889"}],"curies":[{"name":"wp","href":"https:\/\/api.w.org\/{rel}","templated":true}]}}