{"id":3833,"date":"2024-03-02T23:12:03","date_gmt":"2024-03-02T22:12:03","guid":{"rendered":"https:\/\/ketos-delphin.com\/procura\/"},"modified":"2024-04-20T00:59:06","modified_gmt":"2024-04-19T22:59:06","slug":"procura","status":"publish","type":"page","link":"https:\/\/ketos-delphin.com\/pt-pt\/procura\/","title":{"rendered":"Procura"},"content":{"rendered":"\t\t<div data-elementor-type=\"wp-page\" data-elementor-id=\"3833\" class=\"elementor elementor-3833\">\n\t\t\t\t<div class=\"elementor-element elementor-element-2dfa98b e-con-full e-flex e-con e-parent\" data-id=\"2dfa98b\" data-element_type=\"container\" id=\"bggrad\" data-settings=\"{&quot;background_background&quot;:&quot;classic&quot;}\">\n\t\t<div class=\"elementor-element elementor-element-b1b1e17 e-con-full e-flex e-con e-child\" data-id=\"b1b1e17\" data-element_type=\"container\">\n\t\t<div class=\"elementor-element elementor-element-311b0af e-con-full e-flex e-con e-child\" data-id=\"311b0af\" data-element_type=\"container\">\n\t\t\t\t<div class=\"elementor-element elementor-element-1cf8fff animated-slow elementor-invisible elementor-widget elementor-widget-heading\" data-id=\"1cf8fff\" data-element_type=\"widget\" data-settings=\"{&quot;_animation&quot;:&quot;fadeInDown&quot;}\" data-widget_type=\"heading.default\">\n\t\t\t\t<div class=\"elementor-widget-container\">\n\t\t\t\t\t<h2 class=\"elementor-heading-title elementor-size-default\">Procura<\/h2>\t\t\t\t<\/div>\n\t\t\t\t<\/div>\n\t\t\t\t<div class=\"elementor-element elementor-element-9e969f6 animated-slow elementor-invisible elementor-widget elementor-widget-heading\" data-id=\"9e969f6\" data-element_type=\"widget\" data-settings=\"{&quot;_animation&quot;:&quot;fadeInUp&quot;}\" data-widget_type=\"heading.default\">\n\t\t\t\t<div class=\"elementor-widget-container\">\n\t\t\t\t\t<h1 class=\"elementor-heading-title elementor-size-default\">Ofertas de emprego<\/h1>\t\t\t\t<\/div>\n\t\t\t\t<\/div>\n\t\t\t\t<\/div>\n\t\t\t\t<\/div>\n\t\t\t\t<\/div>\n\t\t<div class=\"elementor-element elementor-element-80357e4 e-con-full elementor-hidden-desktop elementor-hidden-tablet elementor-hidden-mobile e-flex e-con e-parent\" data-id=\"80357e4\" data-element_type=\"container\" data-settings=\"{&quot;background_background&quot;:&quot;classic&quot;}\">\n\t\t<div class=\"elementor-element elementor-element-8470159 e-con-full e-flex e-con e-child\" data-id=\"8470159\" data-element_type=\"container\">\n\t\t\t\t<div class=\"elementor-element elementor-element-04399bb elementor-widget__width-initial elementor-widget elementor-widget-heading\" data-id=\"04399bb\" data-element_type=\"widget\" data-widget_type=\"heading.default\">\n\t\t\t\t<div class=\"elementor-widget-container\">\n\t\t\t\t\t<h2 class=\"elementor-heading-title elementor-size-default\">Pesquisa por palavra-chave<\/h2>\t\t\t\t<\/div>\n\t\t\t\t<\/div>\n\t\t\t\t<\/div>\n\t\t<div class=\"elementor-element elementor-element-a9869ed e-con-full elementor-hidden-desktop elementor-hidden-mobile e-flex e-con e-child\" data-id=\"a9869ed\" data-element_type=\"container\">\n\t\t\t\t<div class=\"elementor-element elementor-element-74376f8 elementor-widget elementor-widget-ucaddon_ue_select_post_filter\" data-id=\"74376f8\" data-element_type=\"widget\" data-widget_type=\"ucaddon_ue_select_post_filter.default\">\n\t\t\t\t<div class=\"elementor-widget-container\">\n\t\t\t\t\t<!-- start Select Dropdown Filter -->\n\t\t<link id='font-awesome-css' href='https:\/\/ketos-delphin.com\/wp-content\/plugins\/unlimited-elements-for-elementor-premium\/assets_libraries\/font-awesome5\/css\/fontawesome-all.min.css' type='text\/css' rel='stylesheet' >\n\t\t<link id='font-awesome-4-shim-css' href='https:\/\/ketos-delphin.com\/wp-content\/plugins\/unlimited-elements-for-elementor-premium\/assets_libraries\/font-awesome5\/css\/fontawesome-v4-shims.css' type='text\/css' rel='stylesheet' >\n\n\t\t\t<style type=\"text\/css\">\/* widget: Select Dropdown Filter *\/\n\n#uc_ue_select_post_filter_elementor_74376f8.uc-filter-hidden,\n#uc_ue_select_post_filter_elementor_74376f8.uc-filter-initing.uc-initing-filter-hidden{\n  display:none !important;\n}\n\n#uc_ue_select_post_filter_elementor_74376f8 .uc-filter-item-hidden{\n\tdisplay:none;\n}\n\n#uc_ue_select_post_filter_elementor_74376f8 .uc-select-filter__loader{\n\tposition:absolute;\n  \ttop:0px;\n    width:100%;\n    height:100%;\n  \tbackground-color:lightgray;\n}\n\n#uc_ue_select_post_filter_elementor_74376f8.uc-filter-initing .uc-select-filter__loader{\n\t\n  display:block !important;\n}\n\n#uc_ue_select_post_filter_elementor_74376f8.uc-filter-initing{\n  opacity:1 !important;\n}\n\n#uc_ue_select_post_filter_elementor_74376f8 label\n{\n  flex-shrink:1;\n  display:block;\n}\n\n#uc_ue_select_post_filter_elementor_74376f8 \n{\n  align-items:center;\n}\n\n#uc_ue_select_post_filter_elementor_74376f8 select{\n\t-webkit-appearance: none;\n    -moz-appearance: none;\n    appearance:\u00a0none;\n}\n\n#uc_ue_select_post_filter_elementor_74376f8 .uc-select-filter__select-wrapper{\n\tposition: relative;\n}\n\n#uc_ue_select_post_filter_elementor_74376f8 .uc-select-filter__select-indicator{\n\tposition: absolute;\n  \ttop: 50%;\n  \ttransform: translate(0, -50%);\n  \tz-index: 1;\n  \theight: 100%;\n    display: flex;\n    align-items: center;\n    justify-content: center;\n  \tpointer-events: none;\n}\n\n<\/style>\n\n\t\t\t\n<div id=\"uc_ue_select_post_filter_elementor_74376f8\" class=\"uc-select-filter  uc-grid-filter uc-filter-initing\" data-filtertype=\"select\"  data-initafter=\"true\" style=\"\" >\n\n  \n  <div class=\"uc-select-filter__select-wrapper\">\n    <select class=\"uc-select-filter__select select-uc_ue_select_post_filter_elementor_74376f8\">\n\n      \n      \n      <option value=\"\" class=\"uc-select-filter__option  uc-filter-item-hidden  uc-item-all uc-selected\"   selected>\n\n          <span  class=\"uc-select-filter__name\">Filtro<\/span>\n          \n      <\/option>  \n\n      \n      \n      \n      <option value=\"30\" class=\"uc-select-filter__option  uc-filter-item-hidden \"  data-id=\"30\" data-type=\"term\" data-slug=\"tempo-inteiro\" data-taxonomy=\"job_listing_type\" data-title=\"Tempo inteiro\" data-key=\"term|job_listing_type|tempo-inteiro\"  >\n\n          <span  class=\"uc-select-filter__name\">Tempo inteiro<\/span>\n          \n      <\/option>  \n\n      \n      \n    <\/select>\n    <div class=\"uc-select-filter__select-indicator\"><i class='fas fa-angle-down'><\/i><\/div>\n  <\/div>  \n\n    \n   \n      \n   \n      \n    \n \n<div class=\"uc-select-filter__loader\" style=\"display:none\"><\/div>\n\n<\/div>\n\t\t\t<!-- end Select Dropdown Filter -->\t\t\t\t<\/div>\n\t\t\t\t<\/div>\n\t\t\t\t<\/div>\n\t\t<div class=\"elementor-element elementor-element-16eb930 e-con-full e-flex e-con e-child\" data-id=\"16eb930\" data-element_type=\"container\">\n\t\t\t\t<div class=\"elementor-element elementor-element-ef324ff elementor-widget__width-initial elementor-hidden-desktop elementor-hidden-tablet elementor-widget elementor-widget-ucaddon_posts_search_filter\" data-id=\"ef324ff\" data-element_type=\"widget\" data-widget_type=\"ucaddon_posts_search_filter.default\">\n\t\t\t\t<div class=\"elementor-widget-container\">\n\t\t\t\t\t<!-- start Search Filter -->\n\n\t\t\t<style type=\"text\/css\">\/* widget: Search Filter *\/\n\n#uc_posts_search_filter_elementor_ef324ff-wrapper\n{\n  display:flex;\n}\n\n#uc_posts_search_filter_elementor_ef324ff\n{\n  width:100%;\n}\n#uc_posts_search_filter_elementor_ef324ff .uc-search-filter__input\n{\n  width:100%;\n  flex-grow:1;\n}\n\n#uc_posts_search_filter_elementor_ef324ff .uc-search-filter-btn\n{\n  display:flex;\n  align-items:center;\n  flex-grow:0;\n  flex-shrink:0;\n}\n\n#uc_posts_search_filter_elementor_ef324ff .uc-search-filter-input-wrapper\n{\n  position: relative;\n  display:flex;\n  align-items:center;\n}\n\n\n#uc_posts_search_filter_elementor_ef324ff .uc-search-filter-btn .ue-btn-icon\n{\n  line-height:1em;\n}\n\n\n\n#uc_posts_search_filter_elementor_ef324ff .uc-search-filter-btn .ue-btn-icon svg\n{\n  height:1em;\n  width:1em;\n}\n\n#uc_posts_search_filter_elementor_ef324ff ::-webkit-input-placeholder { \/* Edge *\/\n  color: #909090;\n}\n\n#uc_posts_search_filter_elementor_ef324ff :-ms-input-placeholder { \/* Internet Explorer 10-11 *\/\n  color: #909090;\n}\n\n#uc_posts_search_filter_elementor_ef324ff ::placeholder {\n  color: #909090;\n}\n\n#uc_posts_search_filter_elementor_ef324ff .uc-search-filter-indicator{\n\tposition: absolute;\n  \ttop: 50%;\n    transform: translate(0, -50%);\n    height: 100%;\n  \tdisplay: flex;\n    align-items: center;\n    justify-content: center;\n}\n\n<\/style>\n\n\t\t\t<div class=\"uc-search-filter-wrapper\" id=\"uc_posts_search_filter_elementor_ef324ff-wrapper\" >\n  <div id=\"uc_posts_search_filter_elementor_ef324ff\" class=\"uc-search-filter uc-grid-filter\" data-filtertype=\"search\"> \n\n      \n      <div class=\"uc-search-filter-input-wrapper\">\n\n        <input type=\"text\" class=\"uc-search-filter__input\" placeholder=\"Pesquisa por palavra-chave\">\n\n        \n                      <div class=\"uc-search-filter-indicator\"><i class='fas fa-search'><\/i><\/div>\n          \n\n      <\/div>\n\n  <\/div>\n<\/div>\n\t\t\t<!-- end Search Filter -->\t\t\t\t<\/div>\n\t\t\t\t<\/div>\n\t\t\t\t<div class=\"elementor-element elementor-element-ecc8559 elementor-hidden-mobile elementor-widget elementor-widget-ucaddon_posts_search_filter\" data-id=\"ecc8559\" data-element_type=\"widget\" data-widget_type=\"ucaddon_posts_search_filter.default\">\n\t\t\t\t<div class=\"elementor-widget-container\">\n\t\t\t\t\t<!-- start Search Filter -->\n\n\t\t\t<style type=\"text\/css\">\/* widget: Search Filter *\/\n\n#uc_posts_search_filter_elementor_ecc8559-wrapper\n{\n  display:flex;\n}\n\n#uc_posts_search_filter_elementor_ecc8559\n{\n  width:100%;\n}\n#uc_posts_search_filter_elementor_ecc8559 .uc-search-filter__input\n{\n  width:100%;\n  flex-grow:1;\n}\n\n#uc_posts_search_filter_elementor_ecc8559 .uc-search-filter-btn\n{\n  display:flex;\n  align-items:center;\n  flex-grow:0;\n  flex-shrink:0;\n}\n\n#uc_posts_search_filter_elementor_ecc8559 .uc-search-filter-input-wrapper\n{\n  position: relative;\n  display:flex;\n  align-items:center;\n}\n\n\n#uc_posts_search_filter_elementor_ecc8559 .uc-search-filter-btn .ue-btn-icon\n{\n  line-height:1em;\n}\n\n\n\n#uc_posts_search_filter_elementor_ecc8559 .uc-search-filter-btn .ue-btn-icon svg\n{\n  height:1em;\n  width:1em;\n}\n\n#uc_posts_search_filter_elementor_ecc8559 ::-webkit-input-placeholder { \/* Edge *\/\n  color: #909090;\n}\n\n#uc_posts_search_filter_elementor_ecc8559 :-ms-input-placeholder { \/* Internet Explorer 10-11 *\/\n  color: #909090;\n}\n\n#uc_posts_search_filter_elementor_ecc8559 ::placeholder {\n  color: #909090;\n}\n\n#uc_posts_search_filter_elementor_ecc8559 .uc-search-filter-indicator{\n\tposition: absolute;\n  \ttop: 50%;\n    transform: translate(0, -50%);\n    height: 100%;\n  \tdisplay: flex;\n    align-items: center;\n    justify-content: center;\n}\n\n<\/style>\n\n\t\t\t<div class=\"uc-search-filter-wrapper\" id=\"uc_posts_search_filter_elementor_ecc8559-wrapper\" >\n  <div id=\"uc_posts_search_filter_elementor_ecc8559\" class=\"uc-search-filter uc-grid-filter\" data-filtertype=\"search\"> \n\n      \n      <div class=\"uc-search-filter-input-wrapper\">\n\n        <input type=\"text\" class=\"uc-search-filter__input\" placeholder=\"Pesquisa por palavra-chave\">\n\n                    <button type=\"button\" class=\"uc-search-filter-btn\" value=\"\">\n              \n              <div class=\"ue-btn-icon\"><i class=''><\/i><\/div>\n              <div class=\"ue-btn-text\">Procura<\/div>\n              \n             <\/button> \n        \n          \n\n      <\/div>\n\n  <\/div>\n<\/div>\n\t\t\t<!-- end Search Filter -->\t\t\t\t<\/div>\n\t\t\t\t<\/div>\n\t\t\t\t<\/div>\n\t\t<div class=\"elementor-element elementor-element-e054042 e-con-full elementor-hidden-tablet e-flex e-con e-child\" data-id=\"e054042\" data-element_type=\"container\">\n\t\t\t\t<div class=\"elementor-element elementor-element-27e890f elementor-widget elementor-widget-ucaddon_ue_select_post_filter\" data-id=\"27e890f\" data-element_type=\"widget\" data-widget_type=\"ucaddon_ue_select_post_filter.default\">\n\t\t\t\t<div class=\"elementor-widget-container\">\n\t\t\t\t\t<!-- start Select Dropdown Filter -->\n\n\t\t\t<style type=\"text\/css\">\/* widget: Select Dropdown Filter *\/\n\n#uc_ue_select_post_filter_elementor_27e890f.uc-filter-hidden,\n#uc_ue_select_post_filter_elementor_27e890f.uc-filter-initing.uc-initing-filter-hidden{\n  display:none !important;\n}\n\n#uc_ue_select_post_filter_elementor_27e890f .uc-filter-item-hidden{\n\tdisplay:none;\n}\n\n#uc_ue_select_post_filter_elementor_27e890f .uc-select-filter__loader{\n\tposition:absolute;\n  \ttop:0px;\n    width:100%;\n    height:100%;\n  \tbackground-color:lightgray;\n}\n\n#uc_ue_select_post_filter_elementor_27e890f.uc-filter-initing .uc-select-filter__loader{\n\t\n  display:block !important;\n}\n\n#uc_ue_select_post_filter_elementor_27e890f.uc-filter-initing{\n  opacity:1 !important;\n}\n\n#uc_ue_select_post_filter_elementor_27e890f label\n{\n  flex-shrink:1;\n  display:block;\n}\n\n#uc_ue_select_post_filter_elementor_27e890f \n{\n  align-items:center;\n}\n\n#uc_ue_select_post_filter_elementor_27e890f select{\n\t-webkit-appearance: none;\n    -moz-appearance: none;\n    appearance:\u00a0none;\n}\n\n#uc_ue_select_post_filter_elementor_27e890f .uc-select-filter__select-wrapper{\n\tposition: relative;\n}\n\n#uc_ue_select_post_filter_elementor_27e890f .uc-select-filter__select-indicator{\n\tposition: absolute;\n  \ttop: 50%;\n  \ttransform: translate(0, -50%);\n  \tz-index: 1;\n  \theight: 100%;\n    display: flex;\n    align-items: center;\n    justify-content: center;\n  \tpointer-events: none;\n}\n\n<\/style>\n\n\t\t\t\n<div id=\"uc_ue_select_post_filter_elementor_27e890f\" class=\"uc-select-filter  uc-grid-filter uc-filter-initing\" data-filtertype=\"select\"  data-initafter=\"true\" style=\"\" >\n\n  \n  <div class=\"uc-select-filter__select-wrapper\">\n    <select class=\"uc-select-filter__select select-uc_ue_select_post_filter_elementor_27e890f\">\n\n      \n      \n      <option value=\"\" class=\"uc-select-filter__option  uc-filter-item-hidden  uc-item-all uc-selected\"   selected>\n\n          <span  class=\"uc-select-filter__name\">Filtro<\/span>\n          \n      <\/option>  \n\n      \n      \n      \n      <option value=\"30\" class=\"uc-select-filter__option  uc-filter-item-hidden \"  data-id=\"30\" data-type=\"term\" data-slug=\"tempo-inteiro\" data-taxonomy=\"job_listing_type\" data-title=\"Tempo inteiro\" data-key=\"term|job_listing_type|tempo-inteiro\"  >\n\n          <span  class=\"uc-select-filter__name\">Tempo inteiro<\/span>\n          \n      <\/option>  \n\n      \n      \n    <\/select>\n    <div class=\"uc-select-filter__select-indicator\"><i class='fas fa-angle-down'><\/i><\/div>\n  <\/div>  \n\n    \n   \n      \n   \n      \n    \n \n<div class=\"uc-select-filter__loader\" style=\"display:none\"><\/div>\n\n<\/div>\n\t\t\t<!-- end Select Dropdown Filter -->\t\t\t\t<\/div>\n\t\t\t\t<\/div>\n\t\t\t\t<\/div>\n\t\t\t\t<\/div>\n\t\t<div class=\"elementor-element elementor-element-78184a6 e-flex e-con-boxed e-con e-parent\" data-id=\"78184a6\" data-element_type=\"container\">\n\t\t\t\t\t<div class=\"e-con-inner\">\n\t\t\t\t<div class=\"elementor-element elementor-element-e810077 elementor-widget elementor-widget-heading\" data-id=\"e810077\" data-element_type=\"widget\" data-widget_type=\"heading.default\">\n\t\t\t\t<div class=\"elementor-widget-container\">\n\t\t\t\t\t<h2 class=\"elementor-heading-title elementor-size-default\">\u00daltimas pesquisas de emprego<\/h2>\t\t\t\t<\/div>\n\t\t\t\t<\/div>\n\t\t\t\t<div class=\"elementor-element elementor-element-53d3427 elementor-widget elementor-widget-text-editor\" data-id=\"53d3427\" data-element_type=\"widget\" data-widget_type=\"text-editor.default\">\n\t\t\t\t<div class=\"elementor-widget-container\">\n\t\t\t\t\t\t\t\t\t<div class=\"job_listings\" data-location=\"\" data-keywords=\"\" data-show_filters=\"true\" data-show_pagination=\"false\" data-per_page=\"10\" data-orderby=\"featured\" data-order=\"DESC\" data-categories=\"\" data-disable-form-state-storage=\"\" data-featured_first=\"false\" data-post_id=\"3833\" >\n<form class=\"job_filters\">\n\t\n\t<div class=\"search_jobs\">\n\t\t\n\t\t<div class=\"search_keywords\">\n\t\t\t<label for=\"search_keywords\">Palavras-chave<\/label>\n\t\t\t<input type=\"text\" name=\"search_keywords\" id=\"search_keywords\" placeholder=\"Palavras-chave\" value=\"\" \/>\n\t\t<\/div>\n\n\t\t<div class=\"search_location\">\n\t\t\t<label for=\"search_location\">Localiza\u00e7\u00e3o<\/label>\n\t\t\t<input type=\"text\" name=\"search_location\" id=\"search_location\" placeholder=\"Localiza\u00e7\u00e3o\" value=\"\" \/>\n\t\t<\/div>\n\n\t\t\t\t\t<div class=\"search_remote_position\">\n\t\t\t\t<input type=\"checkbox\" class=\"input-checkbox\" name=\"remote_position\" id=\"remote_position\" placeholder=\"Localiza\u00e7\u00e3o\" value=\"1\"  \/>\n\t\t\t\t<label for=\"remote_position\" id=\"remote_position_label\">Apenas posi\u00e7\u00f5es remotas<\/label>\n\t\t\t<\/div>\n\t\t\n\t\t<div style=\"clear: both\"><\/div>\n\n\t\t\n\t\t\t\t\t<div class=\"search_submit\">\n\t\t\t\t<input type=\"submit\" value=\"Pesquisar an\u00fancios\">\n\t\t\t<\/div>\n\t\t\n\t\t\t<\/div>\n\n\t\t<ul class=\"job_types\">\n\t\t\t\t\t<li><label for=\"job_type_tempo-inteiro\" class=\"tempo-inteiro\"><input type=\"checkbox\" name=\"filter_job_type[]\" value=\"tempo-inteiro\"  checked='checked' id=\"job_type_tempo-inteiro\" \/> Tempo inteiro<\/label><\/li>\n\t\t\t<\/ul>\n\t<input type=\"hidden\" name=\"filter_job_type[]\" value=\"\" \/>\n<div class=\"showing_jobs\"><\/div><\/form>\n\n\n<noscript>O seu navegador n\u00e3o suporta Javascript ou o recurso encontra-se desactivado. Javascript deve estar activado para exibi\u00e7\u00e3o de vagas.<\/noscript>\n<ul class=\"job_listings\">\n<\/ul>\n<a class=\"load_more_jobs\" href=\"#\" style=\"display:none;\"><strong>Carregar mais vagas<\/strong><\/a><\/div>\n\t\t\t\t\t\t\t\t<\/div>\n\t\t\t\t<\/div>\n\t\t\t\t<div class=\"elementor-element elementor-element-3a2aa8c elementor-widget elementor-widget-spacer\" data-id=\"3a2aa8c\" data-element_type=\"widget\" data-widget_type=\"spacer.default\">\n\t\t\t\t<div class=\"elementor-widget-container\">\n\t\t\t\t\t\t\t<div class=\"elementor-spacer\">\n\t\t\t<div class=\"elementor-spacer-inner\"><\/div>\n\t\t<\/div>\n\t\t\t\t\t\t<\/div>\n\t\t\t\t<\/div>\n\t\t\t\t\t<\/div>\n\t\t\t\t<\/div>\n\t\t\t\t<\/div>\n\t\t","protected":false},"excerpt":{"rendered":"<p>Procura Ofertas de emprego Pesquisa por palavra-chave Filtro Freelance Full Time Internship Part Time Temporary Procura Filtro Freelance Full Time Internship Part Time Temporary \u00daltimas pesquisas de emprego<\/p>\n","protected":false},"author":1,"featured_media":0,"parent":0,"menu_order":0,"comment_status":"closed","ping_status":"closed","template":"","meta":{"footnotes":""},"class_list":["post-3833","page","type-page","status-publish","hentry"],"yoast_head":"<!-- This site is optimized with the Yoast SEO plugin v24.4 - https:\/\/yoast.com\/wordpress\/plugins\/seo\/ -->\n<title>Procura - Ketos Delphin<\/title>\n<meta name=\"robots\" content=\"index, follow, max-snippet:-1, max-image-preview:large, max-video-preview:-1\" \/>\n<link rel=\"canonical\" href=\"https:\/\/ketos-delphin.com\/pt-pt\/procura\/\" \/>\n<meta property=\"og:locale\" content=\"pt_PT\" \/>\n<meta property=\"og:type\" content=\"article\" \/>\n<meta property=\"og:title\" content=\"Procura - Ketos Delphin\" \/>\n<meta property=\"og:description\" content=\"Procura Ofertas de emprego Pesquisa por palavra-chave Filtro Freelance Full Time Internship Part Time Temporary Procura Filtro Freelance Full Time Internship Part Time Temporary \u00daltimas pesquisas de emprego\" \/>\n<meta property=\"og:url\" content=\"https:\/\/ketos-delphin.com\/pt-pt\/procura\/\" \/>\n<meta property=\"og:site_name\" content=\"Ketos Delphin\" \/>\n<meta property=\"article:modified_time\" content=\"2024-04-19T22:59:06+00:00\" \/>\n<meta name=\"twitter:card\" content=\"summary_large_image\" \/>\n<script type=\"application\/ld+json\" class=\"yoast-schema-graph\">{\"@context\":\"https:\/\/schema.org\",\"@graph\":[{\"@type\":\"WebPage\",\"@id\":\"https:\/\/ketos-delphin.com\/pt-pt\/procura\/\",\"url\":\"https:\/\/ketos-delphin.com\/pt-pt\/procura\/\",\"name\":\"Procura - Ketos Delphin\",\"isPartOf\":{\"@id\":\"https:\/\/ketos-delphin.com\/#website\"},\"datePublished\":\"2024-03-02T22:12:03+00:00\",\"dateModified\":\"2024-04-19T22:59:06+00:00\",\"breadcrumb\":{\"@id\":\"https:\/\/ketos-delphin.com\/pt-pt\/procura\/#breadcrumb\"},\"inLanguage\":\"pt-PT\",\"potentialAction\":[{\"@type\":\"ReadAction\",\"target\":[\"https:\/\/ketos-delphin.com\/pt-pt\/procura\/\"]}]},{\"@type\":\"BreadcrumbList\",\"@id\":\"https:\/\/ketos-delphin.com\/pt-pt\/procura\/#breadcrumb\",\"itemListElement\":[{\"@type\":\"ListItem\",\"position\":1,\"name\":\"Portada\",\"item\":\"https:\/\/ketos-delphin.com\/\"},{\"@type\":\"ListItem\",\"position\":2,\"name\":\"Procura\"}]},{\"@type\":\"WebSite\",\"@id\":\"https:\/\/ketos-delphin.com\/#website\",\"url\":\"https:\/\/ketos-delphin.com\/\",\"name\":\"Ketos Delphin\",\"description\":\"\",\"publisher\":{\"@id\":\"https:\/\/ketos-delphin.com\/#organization\"},\"potentialAction\":[{\"@type\":\"SearchAction\",\"target\":{\"@type\":\"EntryPoint\",\"urlTemplate\":\"https:\/\/ketos-delphin.com\/?s={search_term_string}\"},\"query-input\":{\"@type\":\"PropertyValueSpecification\",\"valueRequired\":true,\"valueName\":\"search_term_string\"}}],\"inLanguage\":\"pt-PT\"},{\"@type\":\"Organization\",\"@id\":\"https:\/\/ketos-delphin.com\/#organization\",\"name\":\"Ketos Delphin\",\"url\":\"https:\/\/ketos-delphin.com\/\",\"logo\":{\"@type\":\"ImageObject\",\"inLanguage\":\"pt-PT\",\"@id\":\"https:\/\/ketos-delphin.com\/#\/schema\/logo\/image\/\",\"url\":\"https:\/\/ketos-delphin.com\/wp-content\/uploads\/2024\/02\/cropped-LOGO-1-1.png\",\"contentUrl\":\"https:\/\/ketos-delphin.com\/wp-content\/uploads\/2024\/02\/cropped-LOGO-1-1.png\",\"width\":217,\"height\":91,\"caption\":\"Ketos Delphin\"},\"image\":{\"@id\":\"https:\/\/ketos-delphin.com\/#\/schema\/logo\/image\/\"}}]}<\/script>\n<!-- \/ Yoast SEO plugin. -->","yoast_head_json":{"title":"Procura - Ketos Delphin","robots":{"index":"index","follow":"follow","max-snippet":"max-snippet:-1","max-image-preview":"max-image-preview:large","max-video-preview":"max-video-preview:-1"},"canonical":"https:\/\/ketos-delphin.com\/pt-pt\/procura\/","og_locale":"pt_PT","og_type":"article","og_title":"Procura - Ketos Delphin","og_description":"Procura Ofertas de emprego Pesquisa por palavra-chave Filtro Freelance Full Time Internship Part Time Temporary Procura Filtro Freelance Full Time Internship Part Time Temporary \u00daltimas pesquisas de emprego","og_url":"https:\/\/ketos-delphin.com\/pt-pt\/procura\/","og_site_name":"Ketos Delphin","article_modified_time":"2024-04-19T22:59:06+00:00","twitter_card":"summary_large_image","schema":{"@context":"https:\/\/schema.org","@graph":[{"@type":"WebPage","@id":"https:\/\/ketos-delphin.com\/pt-pt\/procura\/","url":"https:\/\/ketos-delphin.com\/pt-pt\/procura\/","name":"Procura - Ketos Delphin","isPartOf":{"@id":"https:\/\/ketos-delphin.com\/#website"},"datePublished":"2024-03-02T22:12:03+00:00","dateModified":"2024-04-19T22:59:06+00:00","breadcrumb":{"@id":"https:\/\/ketos-delphin.com\/pt-pt\/procura\/#breadcrumb"},"inLanguage":"pt-PT","potentialAction":[{"@type":"ReadAction","target":["https:\/\/ketos-delphin.com\/pt-pt\/procura\/"]}]},{"@type":"BreadcrumbList","@id":"https:\/\/ketos-delphin.com\/pt-pt\/procura\/#breadcrumb","itemListElement":[{"@type":"ListItem","position":1,"name":"Portada","item":"https:\/\/ketos-delphin.com\/"},{"@type":"ListItem","position":2,"name":"Procura"}]},{"@type":"WebSite","@id":"https:\/\/ketos-delphin.com\/#website","url":"https:\/\/ketos-delphin.com\/","name":"Ketos Delphin","description":"","publisher":{"@id":"https:\/\/ketos-delphin.com\/#organization"},"potentialAction":[{"@type":"SearchAction","target":{"@type":"EntryPoint","urlTemplate":"https:\/\/ketos-delphin.com\/?s={search_term_string}"},"query-input":{"@type":"PropertyValueSpecification","valueRequired":true,"valueName":"search_term_string"}}],"inLanguage":"pt-PT"},{"@type":"Organization","@id":"https:\/\/ketos-delphin.com\/#organization","name":"Ketos Delphin","url":"https:\/\/ketos-delphin.com\/","logo":{"@type":"ImageObject","inLanguage":"pt-PT","@id":"https:\/\/ketos-delphin.com\/#\/schema\/logo\/image\/","url":"https:\/\/ketos-delphin.com\/wp-content\/uploads\/2024\/02\/cropped-LOGO-1-1.png","contentUrl":"https:\/\/ketos-delphin.com\/wp-content\/uploads\/2024\/02\/cropped-LOGO-1-1.png","width":217,"height":91,"caption":"Ketos Delphin"},"image":{"@id":"https:\/\/ketos-delphin.com\/#\/schema\/logo\/image\/"}}]}},"_links":{"self":[{"href":"https:\/\/ketos-delphin.com\/pt-pt\/wp-json\/wp\/v2\/pages\/3833","targetHints":{"allow":["GET"]}}],"collection":[{"href":"https:\/\/ketos-delphin.com\/pt-pt\/wp-json\/wp\/v2\/pages"}],"about":[{"href":"https:\/\/ketos-delphin.com\/pt-pt\/wp-json\/wp\/v2\/types\/page"}],"author":[{"embeddable":true,"href":"https:\/\/ketos-delphin.com\/pt-pt\/wp-json\/wp\/v2\/users\/1"}],"replies":[{"embeddable":true,"href":"https:\/\/ketos-delphin.com\/pt-pt\/wp-json\/wp\/v2\/comments?post=3833"}],"version-history":[{"count":4,"href":"https:\/\/ketos-delphin.com\/pt-pt\/wp-json\/wp\/v2\/pages\/3833\/revisions"}],"predecessor-version":[{"id":4088,"href":"https:\/\/ketos-delphin.com\/pt-pt\/wp-json\/wp\/v2\/pages\/3833\/revisions\/4088"}],"wp:attachment":[{"href":"https:\/\/ketos-delphin.com\/pt-pt\/wp-json\/wp\/v2\/media?parent=3833"}],"curies":[{"name":"wp","href":"https:\/\/api.w.org\/{rel}","templated":true}]}}